{"id":177,"date":"2025-10-09T16:44:07","date_gmt":"2025-10-09T16:44:07","guid":{"rendered":"https:\/\/eabctcongress.org\/fr\/?page_id=177"},"modified":"2026-01-29T13:30:36","modified_gmt":"2026-01-29T13:30:36","slug":"dates-importantes","status":"publish","type":"page","link":"https:\/\/eabctcongress.org\/fr\/index.php\/dates-importantes\/","title":{"rendered":"Dates importantes"},"content":{"rendered":"<p>[et_pb_section fb_built=&#8221;1&#8243; _builder_version=&#8221;4.27.4&#8243; _module_preset=&#8221;default&#8221; global_colors_info=&#8221;{}&#8221;][et_pb_row column_structure=&#8221;1_4,3_4&#8243; _builder_version=&#8221;4.27.4&#8243; _module_preset=&#8221;default&#8221; global_colors_info=&#8221;{}&#8221;][et_pb_column type=&#8221;1_4&#8243; _builder_version=&#8221;4.27.4&#8243; _module_preset=&#8221;default&#8221; global_colors_info=&#8221;{}&#8221;][et_pb_text _builder_version=&#8221;4.27.5&#8243; _module_preset=&#8221;default&#8221; global_colors_info=&#8221;{}&#8221;]<\/p>\n<div class=\"et_pb_module et_pb_text et_pb_text_2  et_pb_text_align_justified et_pb_bg_layout_light\">\n<div class=\"et_pb_text_inner\">\n<h3><span style=\"color: #008e90;\"><strong>Dates importantes<\/strong><\/span><\/h3>\n<\/div>\n<\/div>\n<div class=\"et_pb_module et_pb_text et_pb_text_3  et_pb_text_align_left et_pb_bg_layout_light\">\n<div class=\"et_pb_text_inner\">\n<table style=\"height: 229px; width: 782px;\">\n<tbody>\n<tr style=\"height: 24px; text-align: left;\" bgcolor=\"#80dcc9\">\n<td style=\"width: 267.641px; height: 24px;\">6 Septembre 2025<\/td>\n<td style=\"width: 498.359px; height: 24px; text-align: left;\">Lancement du site Web de l&#8217;EABCT 2026<\/td>\n<\/tr>\n<tr style=\"height: 24px; text-align: left;\">\n<td style=\"width: 267.641px; height: 24px;\">6 Octobre 2026<\/td>\n<td style=\"width: 498.359px; height: 24px; text-align: left;\">Ouverture de l&#8217;appel \u00e0 contributions<\/td>\n<\/tr>\n<tr style=\"text-align: left;\" bgcolor=\"#80dcc9\">\n<td style=\"width: 267.641px; height: 27px;\">5 Decembre 2025<\/td>\n<td style=\"width: 498.359px; height: 27px; text-align: left;\">Publication des keynotes et des ateliers pr\u00e9-congr\u00e8s<\/td>\n<\/tr>\n<tr style=\"height: 24px; text-align: left;\">\n<td style=\"width: 267.641px; height: 24px;\"><\/td>\n<td style=\"width: 498.359px; height: 24px; text-align: left;\"><\/td>\n<\/tr>\n<tr style=\"height: 24px; text-align: left;\" bgcolor=\"#80dcc9\">\n<td style=\"width: 267.641px; height: 24px;\">30\u00a0 Janvier 2026<\/td>\n<td style=\"width: 498.359px; height: 24px; text-align: left;\">Ouverture des inscriptions<\/td>\n<\/tr>\n<tr style=\"height: 24px; text-align: left;\">\n<td style=\"width: 267.641px; height: 24px;\">2 Mars 2026<\/td>\n<td style=\"width: 498.359px; height: 24px; text-align: left;\">Date limite de soumission des symposiums, des cours de comp\u00e9tences, etc.<\/td>\n<\/tr>\n<tr style=\"height: 24px; text-align: left;\" bgcolor=\"#80dcc9\">\n<td style=\"width: 267.641px; height: 24px;\">31 Mars 2026<\/td>\n<td style=\"width: 498.359px; height: 24px; text-align: left;\">Date limite de soumission des articles et des posters<\/td>\n<\/tr>\n<tr style=\"height: 24px; text-align: left;\">\n<td style=\"width: 267.641px; height: 24px;\">4 Mai 2026<\/td>\n<td style=\"width: 498.359px; height: 24px; text-align: left;\">Aper\u00e7u du programme pr\u00e9liminaire disponible<\/td>\n<\/tr>\n<tr style=\"height: 24px; text-align: left;\" bgcolor=\"#80dcc9\">\n<td style=\"width: 267.641px; height: 24px;\">16 Mai 2026<\/td>\n<td style=\"width: 498.359px; height: 24px; text-align: left;\">La soumission des posters termin\u00e9e<\/td>\n<\/tr>\n<tr style=\"height: 24px; text-align: left;\">\n<td style=\"width: 267.641px; height: 24px;\">19 Juin 2026<\/td>\n<td style=\"width: 498.359px; height: 24px; text-align: left;\">Programme pr\u00e9liminaire avec horaires disponibles<\/td>\n<\/tr>\n<tr style=\"height: 24px; text-align: left;\" bgcolor=\"#80dcc9\">\n<td style=\"width: 267.641px; height: 24px;\">August 31st, 2026<\/td>\n<td style=\"width: 498.359px; height: 24px; text-align: left;\">Full programme available<\/td>\n<\/tr>\n<tr style=\"height: 24px; text-align: left;\">\n<td style=\"width: 267.641px; height: 24px;\">16 Septembre 2026<\/td>\n<td style=\"width: 498.359px; height: 24px; text-align: left;\">Ateliers pr\u00e9-congr\u00e8s<\/td>\n<\/tr>\n<tr><\/tr>\n<tr style=\"height: 24px; text-align: left;\" bgcolor=\"#80dcc9\">\n<td style=\"width: 267.641px; height: 24px;\">17 Septembre 2026<\/td>\n<td style=\"width: 498.359px; height: 24px; text-align: left;\">Ouverture du congr\u00e8s<\/td>\n<\/tr>\n<tr>\n<td style=\"width: 267.641px;\">19 Septembre 2026<\/td>\n<td style=\"width: 498.359px; text-align: left;\">Fin du congr\u00e8s<\/td>\n<\/tr>\n<\/tbody>\n<\/table>\n<\/div>\n<\/div>\n<p>[\/et_pb_text][\/et_pb_column][et_pb_column type=&#8221;3_4&#8243; _builder_version=&#8221;4.27.4&#8243; _module_preset=&#8221;default&#8221; global_colors_info=&#8221;{}&#8221;][\/et_pb_column][\/et_pb_row][\/et_pb_section]<\/p>\n","protected":false},"excerpt":{"rendered":"<p>Dates importantes 6 Septembre 2025 Lancement du site Web de l&#8217;EABCT 2026 6 Octobre 2026 Ouverture de l&#8217;appel \u00e0 contributions 5 Decembre 2025 Publication des keynotes et des ateliers pr\u00e9-congr\u00e8s 30\u00a0 Janvier 2026 Ouverture des inscriptions 2 Mars 2026 Date limite de soumission des symposiums, des cours de comp\u00e9tences, etc. 31 Mars 2026 Date limite [&hellip;]<\/p>\n","protected":false},"author":1,"featured_media":0,"parent":0,"menu_order":0,"comment_status":"closed","ping_status":"closed","template":"","meta":{"_et_pb_use_builder":"on","_et_pb_old_content":"","_et_gb_content_width":"","footnotes":""},"class_list":["post-177","page","type-page","status-publish","hentry"],"yoast_head":"<!-- This site is optimized with the Yoast SEO plugin v27.5 - https:\/\/yoast.com\/product\/yoast-seo-wordpress\/ -->\n<title>Dates importantes - EABCT<\/title>\n<meta name=\"robots\" content=\"index, follow, max-snippet:-1, max-image-preview:large, max-video-preview:-1\" \/>\n<link rel=\"canonical\" href=\"https:\/\/eabctcongress.org\/fr\/index.php\/dates-importantes\/\" \/>\n<meta property=\"og:locale\" content=\"en_US\" \/>\n<meta property=\"og:type\" content=\"article\" \/>\n<meta property=\"og:title\" content=\"Dates importantes - EABCT\" \/>\n<meta property=\"og:description\" content=\"Dates importantes 6 Septembre 2025 Lancement du site Web de l&#039;EABCT 2026 6 Octobre 2026 Ouverture de l&#039;appel \u00e0 contributions 5 Decembre 2025 Publication des keynotes et des ateliers pr\u00e9-congr\u00e8s 30\u00a0 Janvier 2026 Ouverture des inscriptions 2 Mars 2026 Date limite de soumission des symposiums, des cours de comp\u00e9tences, etc. 31 Mars 2026 Date limite [&hellip;]\" \/>\n<meta property=\"og:url\" content=\"https:\/\/eabctcongress.org\/fr\/index.php\/dates-importantes\/\" \/>\n<meta property=\"og:site_name\" content=\"EABCT\" \/>\n<meta property=\"article:modified_time\" content=\"2026-01-29T13:30:36+00:00\" \/>\n<meta name=\"twitter:card\" content=\"summary_large_image\" \/>\n<script type=\"application\/ld+json\" class=\"yoast-schema-graph\">{\"@context\":\"https:\\\/\\\/schema.org\",\"@graph\":[{\"@type\":\"WebPage\",\"@id\":\"https:\\\/\\\/eabctcongress.org\\\/fr\\\/index.php\\\/dates-importantes\\\/\",\"url\":\"https:\\\/\\\/eabctcongress.org\\\/fr\\\/index.php\\\/dates-importantes\\\/\",\"name\":\"Dates importantes - EABCT\",\"isPartOf\":{\"@id\":\"https:\\\/\\\/eabctcongress.org\\\/fr\\\/#website\"},\"datePublished\":\"2025-10-09T16:44:07+00:00\",\"dateModified\":\"2026-01-29T13:30:36+00:00\",\"breadcrumb\":{\"@id\":\"https:\\\/\\\/eabctcongress.org\\\/fr\\\/index.php\\\/dates-importantes\\\/#breadcrumb\"},\"inLanguage\":\"en-US\",\"potentialAction\":[{\"@type\":\"ReadAction\",\"target\":[\"https:\\\/\\\/eabctcongress.org\\\/fr\\\/index.php\\\/dates-importantes\\\/\"]}]},{\"@type\":\"BreadcrumbList\",\"@id\":\"https:\\\/\\\/eabctcongress.org\\\/fr\\\/index.php\\\/dates-importantes\\\/#breadcrumb\",\"itemListElement\":[{\"@type\":\"ListItem\",\"position\":1,\"name\":\"Home\",\"item\":\"https:\\\/\\\/eabctcongress.org\\\/fr\\\/\"},{\"@type\":\"ListItem\",\"position\":2,\"name\":\"Dates importantes\"}]},{\"@type\":\"WebSite\",\"@id\":\"https:\\\/\\\/eabctcongress.org\\\/fr\\\/#website\",\"url\":\"https:\\\/\\\/eabctcongress.org\\\/fr\\\/\",\"name\":\"EABCT\",\"description\":\"\",\"potentialAction\":[{\"@type\":\"SearchAction\",\"target\":{\"@type\":\"EntryPoint\",\"urlTemplate\":\"https:\\\/\\\/eabctcongress.org\\\/fr\\\/?s={search_term_string}\"},\"query-input\":{\"@type\":\"PropertyValueSpecification\",\"valueRequired\":true,\"valueName\":\"search_term_string\"}}],\"inLanguage\":\"en-US\"}]}<\/script>\n<!-- \/ Yoast SEO plugin. -->","yoast_head_json":{"title":"Dates importantes - EABCT","robots":{"index":"index","follow":"follow","max-snippet":"max-snippet:-1","max-image-preview":"max-image-preview:large","max-video-preview":"max-video-preview:-1"},"canonical":"https:\/\/eabctcongress.org\/fr\/index.php\/dates-importantes\/","og_locale":"en_US","og_type":"article","og_title":"Dates importantes - EABCT","og_description":"Dates importantes 6 Septembre 2025 Lancement du site Web de l'EABCT 2026 6 Octobre 2026 Ouverture de l'appel \u00e0 contributions 5 Decembre 2025 Publication des keynotes et des ateliers pr\u00e9-congr\u00e8s 30\u00a0 Janvier 2026 Ouverture des inscriptions 2 Mars 2026 Date limite de soumission des symposiums, des cours de comp\u00e9tences, etc. 31 Mars 2026 Date limite [&hellip;]","og_url":"https:\/\/eabctcongress.org\/fr\/index.php\/dates-importantes\/","og_site_name":"EABCT","article_modified_time":"2026-01-29T13:30:36+00:00","twitter_card":"summary_large_image","schema":{"@context":"https:\/\/schema.org","@graph":[{"@type":"WebPage","@id":"https:\/\/eabctcongress.org\/fr\/index.php\/dates-importantes\/","url":"https:\/\/eabctcongress.org\/fr\/index.php\/dates-importantes\/","name":"Dates importantes - EABCT","isPartOf":{"@id":"https:\/\/eabctcongress.org\/fr\/#website"},"datePublished":"2025-10-09T16:44:07+00:00","dateModified":"2026-01-29T13:30:36+00:00","breadcrumb":{"@id":"https:\/\/eabctcongress.org\/fr\/index.php\/dates-importantes\/#breadcrumb"},"inLanguage":"en-US","potentialAction":[{"@type":"ReadAction","target":["https:\/\/eabctcongress.org\/fr\/index.php\/dates-importantes\/"]}]},{"@type":"BreadcrumbList","@id":"https:\/\/eabctcongress.org\/fr\/index.php\/dates-importantes\/#breadcrumb","itemListElement":[{"@type":"ListItem","position":1,"name":"Home","item":"https:\/\/eabctcongress.org\/fr\/"},{"@type":"ListItem","position":2,"name":"Dates importantes"}]},{"@type":"WebSite","@id":"https:\/\/eabctcongress.org\/fr\/#website","url":"https:\/\/eabctcongress.org\/fr\/","name":"EABCT","description":"","potentialAction":[{"@type":"SearchAction","target":{"@type":"EntryPoint","urlTemplate":"https:\/\/eabctcongress.org\/fr\/?s={search_term_string}"},"query-input":{"@type":"PropertyValueSpecification","valueRequired":true,"valueName":"search_term_string"}}],"inLanguage":"en-US"}]}},"_links":{"self":[{"href":"https:\/\/eabctcongress.org\/fr\/index.php\/wp-json\/wp\/v2\/pages\/177","targetHints":{"allow":["GET"]}}],"collection":[{"href":"https:\/\/eabctcongress.org\/fr\/index.php\/wp-json\/wp\/v2\/pages"}],"about":[{"href":"https:\/\/eabctcongress.org\/fr\/index.php\/wp-json\/wp\/v2\/types\/page"}],"author":[{"embeddable":true,"href":"https:\/\/eabctcongress.org\/fr\/index.php\/wp-json\/wp\/v2\/users\/1"}],"replies":[{"embeddable":true,"href":"https:\/\/eabctcongress.org\/fr\/index.php\/wp-json\/wp\/v2\/comments?post=177"}],"version-history":[{"count":6,"href":"https:\/\/eabctcongress.org\/fr\/index.php\/wp-json\/wp\/v2\/pages\/177\/revisions"}],"predecessor-version":[{"id":651,"href":"https:\/\/eabctcongress.org\/fr\/index.php\/wp-json\/wp\/v2\/pages\/177\/revisions\/651"}],"wp:attachment":[{"href":"https:\/\/eabctcongress.org\/fr\/index.php\/wp-json\/wp\/v2\/media?parent=177"}],"curies":[{"name":"wp","href":"https:\/\/api.w.org\/{rel}","templated":true}]}}