{"id":195,"date":"2025-10-09T17:06:42","date_gmt":"2025-10-09T17:06:42","guid":{"rendered":"https:\/\/eabctcongress.org\/fr\/?page_id=195"},"modified":"2025-11-03T11:11:15","modified_gmt":"2025-11-03T11:11:15","slug":"politique-dannulation-et-de-paiement","status":"publish","type":"page","link":"https:\/\/eabctcongress.org\/fr\/index.php\/politique-dannulation-et-de-paiement\/","title":{"rendered":"Politique d&#8217;annulation et de paiement"},"content":{"rendered":"[et_pb_section fb_built=&#8221;1&#8243; _builder_version=&#8221;4.27.4&#8243; _module_preset=&#8221;default&#8221; global_colors_info=&#8221;{}&#8221;][et_pb_row _builder_version=&#8221;4.27.4&#8243; _module_preset=&#8221;default&#8221; global_colors_info=&#8221;{}&#8221;][et_pb_column type=&#8221;4_4&#8243; _builder_version=&#8221;4.27.4&#8243; _module_preset=&#8221;default&#8221; global_colors_info=&#8221;{}&#8221;][et_pb_text _builder_version=&#8221;4.27.4&#8243; _module_preset=&#8221;default&#8221; hover_enabled=&#8221;0&#8243; global_colors_info=&#8221;{}&#8221; sticky_enabled=&#8221;0&#8243;]<h2 style=\"text-align: justify;\"><strong><span style=\"color: #008e90;\">Politique d&#8217;annulation<\/span><\/strong><\/h2>\n<p style=\"text-align: justify;\">Toute modification ou annulation d&#8217;inscription doit \u00eatre adress\u00e9e par \u00e9crit \u00e0 AIM Group Belgium BVBA (eabct2026@aimgroup.eu).<\/p>\n<p style=\"text-align: justify;\">Des frais d&#8217;annulation seront appliqu\u00e9s comme suit :<\/p>\n<ul>\n<li style=\"text-align: justify;\">Les personnes inscrites annulant leur inscription 90 jours avant le d\u00e9but de l\u2019EABCT 2026 (avant le 18 juin 2026) recevront un remboursement int\u00e9gral, moins 10% de frais administratifs.<\/li>\n<li style=\"text-align: justify;\">Les personnes inscrites annulant entre <span lang=\"en-BE\">entre 89 jours et 30 jours avant le d\u00e9but de l\u2019EABCT 2026 (<span>entre le 19 juin 2026 et le 17 ao\u00fbt 2026<\/span>)<\/span> recevront un remboursement de 50% du montant vers\u00e9. En cas de non-paiement des frais, la personne inscrite sera redevable de 50% du montant d\u00fb.<\/li>\n<li style=\"text-align: justify;\">Aucun remboursement ne sera accord\u00e9 en cas d&#8217;absence ou d&#8217;annulation dans les 30 jours pr\u00e9c\u00e9dant le d\u00e9but de l&#8217;EABCT 2026 (apr\u00e8s le 17 ao\u00fbt 2026) &#8211; l&#8217;inscrit sera responsable du montant total d\u00fb.<\/li>\n<\/ul>\n<p style=\"text-align: justify;\">En cas de refus de visa, un remboursement int\u00e9gral sera effectu\u00e9, moins 10 % de frais administratifs, \u00e0 condition que la lettre officielle de refus de visa soit communiqu\u00e9e au Secr\u00e9tariat du Congr\u00e8s.<\/p>\n<p style=\"text-align: justify;\">Une personne inscrite peut toutefois \u00eatre remplac\u00e9e sans p\u00e9nalit\u00e9 jusqu&#8217;au 11 septembre 2026. Dans ce cas, le Secr\u00e9tariat du Congr\u00e8s doit \u00eatre inform\u00e9 dans les meilleurs d\u00e9lais et les coordonn\u00e9es du rempla\u00e7ant doivent lui \u00eatre communiqu\u00e9es. \u00c0 compter du 12 septembre 2026, des frais administratifs de 25,00 \u20ac TTC seront factur\u00e9s pour tout remplacement.<\/p>\n<p><!-- \/wp:post-content --><\/p>[\/et_pb_text][\/et_pb_column][\/et_pb_row][et_pb_row _builder_version=&#8221;4.27.4&#8243; _module_preset=&#8221;default&#8221; border_width_top=&#8221;1px&#8221; border_color_top=&#8221;#1BB27F&#8221; global_colors_info=&#8221;{}&#8221;][et_pb_column type=&#8221;4_4&#8243; _builder_version=&#8221;4.27.4&#8243; _module_preset=&#8221;default&#8221; global_colors_info=&#8221;{}&#8221;][et_pb_text _builder_version=&#8221;4.27.4&#8243; _module_preset=&#8221;default&#8221; global_colors_info=&#8221;{}&#8221;]<h2 class=\"wp-block-heading\" style=\"text-align: justify;\"><strong><span style=\"color: #008e90;\">Politique de paiement<\/span><\/strong><\/h2>\n<p style=\"text-align: justify;\"><!-- \/wp:heading --><\/p>\n<p style=\"text-align: justify;\"><!-- wp:heading --><\/p>\n<h3 class=\"wp-block-heading\" style=\"text-align: justify;\"><span style=\"color: #008e90;\"><strong>Frais d&#8217;inscription et paiement<\/strong><\/span><\/h3>\n<p style=\"text-align: justify;\"><!-- \/wp:heading --><\/p>\n<p style=\"text-align: justify;\">L&#8217;inscription au Congr\u00e8s et la r\u00e9servation des prestations engagent le participant. Les frais \u00e9ventuels doivent \u00eatre r\u00e9gl\u00e9s \u00e0 l&#8217;avance dans les 10 jours ouvrables suivant la r\u00e9ception de la facture. L&#8217;inscription sera confirm\u00e9e d\u00e8s r\u00e9ception du paiement par le Secr\u00e9tariat du Congr\u00e8s.<\/p>\n<p style=\"text-align: justify;\"><!-- \/wp:paragraph --><\/p>\n<p style=\"text-align: justify;\"><!-- wp:heading --><\/p>\n<h3 class=\"wp-block-heading\" style=\"text-align: justify;\"><span style=\"color: #008e90;\"><strong>Options de paiement<\/strong><\/span><\/h3>\n<p style=\"text-align: justify;\"><!-- \/wp:heading --><\/p>\n<p style=\"text-align: justify;\">Tous les paiements doivent \u00eatre effectu\u00e9s en euros. Les participants peuvent choisir entre deux modes de paiement : virement bancaire (disponible jusqu&#8217;au 22 ao\u00fbt 2026) ou paiement en ligne par carte bancaire. En cas de virement bancaire, le paiement des frais d&#8217;inscription doit \u00eatre effectu\u00e9 d\u00e8s r\u00e9ception de la facture.<\/p>\n<p><!-- \/wp:paragraph --><\/p>[\/et_pb_text][\/et_pb_column][\/et_pb_row][\/et_pb_section]","protected":false},"excerpt":{"rendered":"<p>Politique d&#8217;annulation Toute modification ou annulation d&#8217;inscription doit \u00eatre adress\u00e9e par \u00e9crit \u00e0 AIM Group Belgium BVBA (eabct2026@aimgroup.eu). Des frais d&#8217;annulation seront appliqu\u00e9s comme suit : Les personnes inscrites annulant leur inscription 90 jours avant le d\u00e9but de l\u2019EABCT 2026 (avant le 18 juin 2026) recevront un remboursement int\u00e9gral, moins 10% de frais administratifs. Les [&hellip;]<\/p>\n","protected":false},"author":1,"featured_media":0,"parent":0,"menu_order":0,"comment_status":"closed","ping_status":"closed","template":"","meta":{"_et_pb_use_builder":"on","_et_pb_old_content":"","_et_gb_content_width":"","footnotes":""},"class_list":["post-195","page","type-page","status-publish","hentry"],"yoast_head":"<!-- This site is optimized with the Yoast SEO plugin v27.4 - https:\/\/yoast.com\/product\/yoast-seo-wordpress\/ -->\n<title>Politique d&#039;annulation et de paiement - EABCT<\/title>\n<meta name=\"robots\" content=\"index, follow, max-snippet:-1, max-image-preview:large, max-video-preview:-1\" \/>\n<link rel=\"canonical\" href=\"https:\/\/eabctcongress.org\/fr\/index.php\/politique-dannulation-et-de-paiement\/\" \/>\n<meta property=\"og:locale\" content=\"en_US\" \/>\n<meta property=\"og:type\" content=\"article\" \/>\n<meta property=\"og:title\" content=\"Politique d&#039;annulation et de paiement - EABCT\" \/>\n<meta property=\"og:description\" content=\"Politique d&#039;annulation Toute modification ou annulation d&#039;inscription doit \u00eatre adress\u00e9e par \u00e9crit \u00e0 AIM Group Belgium BVBA (eabct2026@aimgroup.eu). Des frais d&#039;annulation seront appliqu\u00e9s comme suit : Les personnes inscrites annulant leur inscription 90 jours avant le d\u00e9but de l\u2019EABCT 2026 (avant le 18 juin 2026) recevront un remboursement int\u00e9gral, moins 10% de frais administratifs. Les [&hellip;]\" \/>\n<meta property=\"og:url\" content=\"https:\/\/eabctcongress.org\/fr\/index.php\/politique-dannulation-et-de-paiement\/\" \/>\n<meta property=\"og:site_name\" content=\"EABCT\" \/>\n<meta property=\"article:modified_time\" content=\"2025-11-03T11:11:15+00:00\" \/>\n<meta name=\"twitter:card\" content=\"summary_large_image\" \/>\n<script type=\"application\/ld+json\" class=\"yoast-schema-graph\">{\"@context\":\"https:\\\/\\\/schema.org\",\"@graph\":[{\"@type\":\"WebPage\",\"@id\":\"https:\\\/\\\/eabctcongress.org\\\/fr\\\/index.php\\\/politique-dannulation-et-de-paiement\\\/\",\"url\":\"https:\\\/\\\/eabctcongress.org\\\/fr\\\/index.php\\\/politique-dannulation-et-de-paiement\\\/\",\"name\":\"Politique d'annulation et de paiement - EABCT\",\"isPartOf\":{\"@id\":\"https:\\\/\\\/eabctcongress.org\\\/fr\\\/#website\"},\"datePublished\":\"2025-10-09T17:06:42+00:00\",\"dateModified\":\"2025-11-03T11:11:15+00:00\",\"breadcrumb\":{\"@id\":\"https:\\\/\\\/eabctcongress.org\\\/fr\\\/index.php\\\/politique-dannulation-et-de-paiement\\\/#breadcrumb\"},\"inLanguage\":\"en-US\",\"potentialAction\":[{\"@type\":\"ReadAction\",\"target\":[\"https:\\\/\\\/eabctcongress.org\\\/fr\\\/index.php\\\/politique-dannulation-et-de-paiement\\\/\"]}]},{\"@type\":\"BreadcrumbList\",\"@id\":\"https:\\\/\\\/eabctcongress.org\\\/fr\\\/index.php\\\/politique-dannulation-et-de-paiement\\\/#breadcrumb\",\"itemListElement\":[{\"@type\":\"ListItem\",\"position\":1,\"name\":\"Home\",\"item\":\"https:\\\/\\\/eabctcongress.org\\\/fr\\\/\"},{\"@type\":\"ListItem\",\"position\":2,\"name\":\"Politique d&#8217;annulation et de paiement\"}]},{\"@type\":\"WebSite\",\"@id\":\"https:\\\/\\\/eabctcongress.org\\\/fr\\\/#website\",\"url\":\"https:\\\/\\\/eabctcongress.org\\\/fr\\\/\",\"name\":\"EABCT\",\"description\":\"\",\"potentialAction\":[{\"@type\":\"SearchAction\",\"target\":{\"@type\":\"EntryPoint\",\"urlTemplate\":\"https:\\\/\\\/eabctcongress.org\\\/fr\\\/?s={search_term_string}\"},\"query-input\":{\"@type\":\"PropertyValueSpecification\",\"valueRequired\":true,\"valueName\":\"search_term_string\"}}],\"inLanguage\":\"en-US\"}]}<\/script>\n<!-- \/ Yoast SEO plugin. -->","yoast_head_json":{"title":"Politique d'annulation et de paiement - EABCT","robots":{"index":"index","follow":"follow","max-snippet":"max-snippet:-1","max-image-preview":"max-image-preview:large","max-video-preview":"max-video-preview:-1"},"canonical":"https:\/\/eabctcongress.org\/fr\/index.php\/politique-dannulation-et-de-paiement\/","og_locale":"en_US","og_type":"article","og_title":"Politique d'annulation et de paiement - EABCT","og_description":"Politique d'annulation Toute modification ou annulation d'inscription doit \u00eatre adress\u00e9e par \u00e9crit \u00e0 AIM Group Belgium BVBA (eabct2026@aimgroup.eu). Des frais d'annulation seront appliqu\u00e9s comme suit : Les personnes inscrites annulant leur inscription 90 jours avant le d\u00e9but de l\u2019EABCT 2026 (avant le 18 juin 2026) recevront un remboursement int\u00e9gral, moins 10% de frais administratifs. Les [&hellip;]","og_url":"https:\/\/eabctcongress.org\/fr\/index.php\/politique-dannulation-et-de-paiement\/","og_site_name":"EABCT","article_modified_time":"2025-11-03T11:11:15+00:00","twitter_card":"summary_large_image","schema":{"@context":"https:\/\/schema.org","@graph":[{"@type":"WebPage","@id":"https:\/\/eabctcongress.org\/fr\/index.php\/politique-dannulation-et-de-paiement\/","url":"https:\/\/eabctcongress.org\/fr\/index.php\/politique-dannulation-et-de-paiement\/","name":"Politique d'annulation et de paiement - EABCT","isPartOf":{"@id":"https:\/\/eabctcongress.org\/fr\/#website"},"datePublished":"2025-10-09T17:06:42+00:00","dateModified":"2025-11-03T11:11:15+00:00","breadcrumb":{"@id":"https:\/\/eabctcongress.org\/fr\/index.php\/politique-dannulation-et-de-paiement\/#breadcrumb"},"inLanguage":"en-US","potentialAction":[{"@type":"ReadAction","target":["https:\/\/eabctcongress.org\/fr\/index.php\/politique-dannulation-et-de-paiement\/"]}]},{"@type":"BreadcrumbList","@id":"https:\/\/eabctcongress.org\/fr\/index.php\/politique-dannulation-et-de-paiement\/#breadcrumb","itemListElement":[{"@type":"ListItem","position":1,"name":"Home","item":"https:\/\/eabctcongress.org\/fr\/"},{"@type":"ListItem","position":2,"name":"Politique d&#8217;annulation et de paiement"}]},{"@type":"WebSite","@id":"https:\/\/eabctcongress.org\/fr\/#website","url":"https:\/\/eabctcongress.org\/fr\/","name":"EABCT","description":"","potentialAction":[{"@type":"SearchAction","target":{"@type":"EntryPoint","urlTemplate":"https:\/\/eabctcongress.org\/fr\/?s={search_term_string}"},"query-input":{"@type":"PropertyValueSpecification","valueRequired":true,"valueName":"search_term_string"}}],"inLanguage":"en-US"}]}},"_links":{"self":[{"href":"https:\/\/eabctcongress.org\/fr\/index.php\/wp-json\/wp\/v2\/pages\/195","targetHints":{"allow":["GET"]}}],"collection":[{"href":"https:\/\/eabctcongress.org\/fr\/index.php\/wp-json\/wp\/v2\/pages"}],"about":[{"href":"https:\/\/eabctcongress.org\/fr\/index.php\/wp-json\/wp\/v2\/types\/page"}],"author":[{"embeddable":true,"href":"https:\/\/eabctcongress.org\/fr\/index.php\/wp-json\/wp\/v2\/users\/1"}],"replies":[{"embeddable":true,"href":"https:\/\/eabctcongress.org\/fr\/index.php\/wp-json\/wp\/v2\/comments?post=195"}],"version-history":[{"count":9,"href":"https:\/\/eabctcongress.org\/fr\/index.php\/wp-json\/wp\/v2\/pages\/195\/revisions"}],"predecessor-version":[{"id":413,"href":"https:\/\/eabctcongress.org\/fr\/index.php\/wp-json\/wp\/v2\/pages\/195\/revisions\/413"}],"wp:attachment":[{"href":"https:\/\/eabctcongress.org\/fr\/index.php\/wp-json\/wp\/v2\/media?parent=195"}],"curies":[{"name":"wp","href":"https:\/\/api.w.org\/{rel}","templated":true}]}}