{"id":248,"date":"2025-10-09T18:21:09","date_gmt":"2025-10-09T18:21:09","guid":{"rendered":"https:\/\/eabctcongress.org\/fr\/?page_id=248"},"modified":"2025-10-09T18:32:16","modified_gmt":"2025-10-09T18:32:16","slug":"code-de-conduite","status":"publish","type":"page","link":"https:\/\/eabctcongress.org\/fr\/index.php\/code-de-conduite\/","title":{"rendered":"Code de conduite"},"content":{"rendered":"<p>[et_pb_section fb_built=&#8221;1&#8243; theme_builder_area=&#8221;post_content&#8221; _builder_version=&#8221;4.27.4&#8243; _module_preset=&#8221;default&#8221;][et_pb_row _builder_version=&#8221;4.27.4&#8243; _module_preset=&#8221;default&#8221; theme_builder_area=&#8221;post_content&#8221;][et_pb_column _builder_version=&#8221;4.27.4&#8243; _module_preset=&#8221;default&#8221; type=&#8221;4_4&#8243; theme_builder_area=&#8221;post_content&#8221;][et_pb_text _builder_version=&#8221;4.27.4&#8243; _module_preset=&#8221;default&#8221; theme_builder_area=&#8221;post_content&#8221; hover_enabled=&#8221;0&#8243; sticky_enabled=&#8221;0&#8243;]<\/p>\n<h4><span style=\"color: #008e90;\"><strong>Conduite des participants au Congr\u00e8s pour une atmosph\u00e8re de congr\u00e8s respectueuse, inclusive et professionnelle.<\/strong><\/span><\/h4>\n<h4><strong><span style=\"color: #008e90;\"><br \/>1. But<\/span><\/strong><\/h4>\n<p>Le congr\u00e8s EABCT 2026 s&#8217;engage \u00e0 favoriser une atmosph\u00e8re <strong>s\u00fbre, inclusive et accueillante<\/strong> pour tous les participants : participants, intervenants, b\u00e9n\u00e9voles, personnel, exposants et sponsors. Ce code de conduite d\u00e9crit les comportements attendus et les conduites inacceptables afin de garantir une exp\u00e9rience respectueuse et exempte de harc\u00e8lement pour tous.<\/p>\n<ol start=\"7\"><\/ol>\n<p>[\/et_pb_text][et_pb_divider _builder_version=&#8221;4.27.4&#8243; _module_preset=&#8221;default&#8221; theme_builder_area=&#8221;post_content&#8221; divider_weight=&#8221;2px&#8221; hover_enabled=&#8221;0&#8243; sticky_enabled=&#8221;0&#8243;][\/et_pb_divider][et_pb_text _builder_version=&#8221;4.27.4&#8243; _module_preset=&#8221;default&#8221; theme_builder_area=&#8221;post_content&#8221; hover_enabled=&#8221;0&#8243; sticky_enabled=&#8221;0&#8243;]<\/p>\n<h4><span style=\"color: #008e90;\"><strong>2. Comportement attendu<\/strong><\/span><\/h4>\n<p>Tous les participants doivent :<\/p>\n<ul>\n<li>Traitez les autres avec <strong>respect, gentillesse et consid\u00e9ration<\/strong>, en valorisant les points de vue et les exp\u00e9riences divers<\/li>\n<li><strong>Communiquez de mani\u00e8re ouverte et constructive<\/strong>, en tenant compte des diff\u00e9rents points de vue<\/li>\n<li><strong>Respectez la vie priv\u00e9e<\/strong> \u2014 demandez le consentement avant de photographier, d\u2019enregistrer ou de partager des images ou des informations d\u2019autres personnes.<\/li>\n<li>Suivez <strong>toutes les politiques li\u00e9es \u00e0 l&#8217;\u00e9v\u00e9nement et les r\u00e9glementations locales du lieu<\/strong><\/li>\n<\/ul>\n<p>[\/et_pb_text][et_pb_divider _builder_version=&#8221;4.27.4&#8243; _module_preset=&#8221;default&#8221; theme_builder_area=&#8221;post_content&#8221; divider_weight=&#8221;2px&#8221; hover_enabled=&#8221;0&#8243; sticky_enabled=&#8221;0&#8243;][\/et_pb_divider][et_pb_text _builder_version=&#8221;4.27.4&#8243; _module_preset=&#8221;default&#8221; theme_builder_area=&#8221;post_content&#8221; hover_enabled=&#8221;0&#8243; sticky_enabled=&#8221;0&#8243;]<\/p>\n<h4><span style=\"color: #008e90;\"><strong>3. Comportement inacceptable<\/strong><\/span><\/h4>\n<ol start=\"3\"><\/ol>\n<p>Les comportements suivants sont strictement interdits :<\/p>\n<ul>\n<li><strong>Harc\u00e8lement, intimidation ou discrimination<\/strong> fond\u00e9e sur le sexe, l&#8217;identit\u00e9 de genre, la race, l&#8217;origine ethnique, la religion, l&#8217;orientation sexuelle, le handicap, l&#8217;\u00e2ge, la taille du corps ou d&#8217;autres caract\u00e9ristiques prot\u00e9g\u00e9es<\/li>\n<li><strong>Attention ou avances non d\u00e9sir\u00e9es<\/strong>, physiques, verbales ou sexuelles, qui cr\u00e9ent un inconfort, y compris des contacts ou des attouchements inappropri\u00e9s<\/li>\n<li><strong>Comportement perturbateur<\/strong> qui interf\u00e8re avec les s\u00e9ances, les ateliers ou le r\u00e9seautage ; cela comprend les interruptions inappropri\u00e9es ou les distractions prolong\u00e9es<\/li>\n<li><strong>Conduite ou langage offensant<\/strong>, y compris l&#8217;affichage ou la communication de contenu discriminatoire ou explicite<\/li>\n<li><strong>Repr\u00e9sailles<\/strong> contre les personnes qui signalent des violations ou soutiennent celles qui le font<\/li>\n<\/ul>\n<p>[\/et_pb_text][et_pb_divider _builder_version=&#8221;4.27.4&#8243; _module_preset=&#8221;default&#8221; theme_builder_area=&#8221;post_content&#8221; divider_weight=&#8221;2px&#8221; hover_enabled=&#8221;0&#8243; sticky_enabled=&#8221;0&#8243;][\/et_pb_divider][et_pb_text _builder_version=&#8221;4.27.4&#8243; _module_preset=&#8221;default&#8221; theme_builder_area=&#8221;post_content&#8221; hover_enabled=&#8221;0&#8243; sticky_enabled=&#8221;0&#8243;]<\/p>\n<h4><span style=\"color: #008e90;\"><strong>4. Signaler les violations<\/strong><\/span><\/h4>\n<ol start=\"3\"><\/ol>\n<p>Si vous \u00eates victime ou t\u00e9moin d\u2019une violation :<\/p>\n<ul>\n<li><strong>Contactez imm\u00e9diatement le personnel d\u00e9sign\u00e9 de la conf\u00e9rence<\/strong>. Lors de l&#8217;\u00e9v\u00e9nement, recherchez les membres de l&#8217;\u00e9quipe ou les b\u00e9n\u00e9voles munis de badges ou de cordons d&#8217;identification.<\/li>\n<li>Les rapports peuvent \u00e9galement \u00eatre effectu\u00e9s par <strong>courrier \u00e9lectronique ou par t\u00e9l\u00e9phone<\/strong> (les d\u00e9tails seront fournis sur le site Web de la conf\u00e9rence, l&#8217;application ou les documents d&#8217;information).<\/li>\n<li>Tous les rapports seront trait\u00e9s de <strong>mani\u00e8re confidentielle et trait\u00e9s rapidement<\/strong>, en mettant l\u2019accent sur la protection contre les repr\u00e9sailles.<\/li>\n<\/ul>\n<p>[\/et_pb_text][et_pb_divider _builder_version=&#8221;4.27.4&#8243; _module_preset=&#8221;default&#8221; theme_builder_area=&#8221;post_content&#8221; divider_weight=&#8221;2px&#8221; hover_enabled=&#8221;0&#8243; sticky_enabled=&#8221;0&#8243;][\/et_pb_divider][et_pb_text _builder_version=&#8221;4.27.4&#8243; _module_preset=&#8221;default&#8221; theme_builder_area=&#8221;post_content&#8221; hover_enabled=&#8221;0&#8243; sticky_enabled=&#8221;0&#8243;]<\/p>\n<h4><span style=\"color: #008e90;\"><strong>5. Cons\u00e9quences de la violation<\/strong><\/span><\/h4>\n<ol start=\"3\"><\/ol>\n<p>Les mesures que les organisateurs peuvent prendre :<\/p>\n<ul>\n<li>\u00c9mettre des avertissements <strong>verbaux ou \u00e9crits<\/strong>.<\/li>\n<li>Exiger du participant qu\u2019il <strong>cesse imm\u00e9diatement son comportement d\u00e9lictueux<\/strong>.<\/li>\n<li><strong>Expulser<\/strong> l\u2019individu de l\u2019\u00e9v\u00e9nement (\u00e9ventuellement sans remboursement).<\/li>\n<li><strong>Refuser toute participation future<\/strong> \u00e0 l\u2019organisation de conf\u00e9rences ou de sessions partenaires.<\/li>\n<\/ul>\n<p>Les fautes graves ou r\u00e9p\u00e9t\u00e9es peuvent \u00e9galement \u00eatre signal\u00e9es \u00e0 l&#8217;employeur, \u00e0 l&#8217;institution ou aux autorit\u00e9s comp\u00e9tentes de la personne si n\u00e9cessaire.<\/p>\n<p>[\/et_pb_text][et_pb_divider _builder_version=&#8221;4.27.4&#8243; _module_preset=&#8221;default&#8221; theme_builder_area=&#8221;post_content&#8221; divider_weight=&#8221;2px&#8221; hover_enabled=&#8221;0&#8243; sticky_enabled=&#8221;0&#8243;][\/et_pb_divider][et_pb_text _builder_version=&#8221;4.27.4&#8243; _module_preset=&#8221;default&#8221; theme_builder_area=&#8221;post_content&#8221; hover_enabled=&#8221;0&#8243; sticky_enabled=&#8221;0&#8243;]<\/p>\n<h4><span style=\"color: #008e90;\"><strong>6. Attribution et remerciements<\/strong><\/span><\/h4>\n<p>En participant \u00e0 l&#8217;\u00e9v\u00e9nement, tous les participants s&#8217;engagent \u00e0 respecter ce Code de conduite. Le soutien des participants inscrits (b\u00e9n\u00e9voles, intervenants et sponsors) est essentiel au maintien d&#8217;un environnement positif, s\u00fbr et accueillant pour tous.<\/p>\n<p>[\/et_pb_text][et_pb_divider _builder_version=&#8221;4.27.4&#8243; _module_preset=&#8221;default&#8221; theme_builder_area=&#8221;post_content&#8221; divider_weight=&#8221;2px&#8221; hover_enabled=&#8221;0&#8243; sticky_enabled=&#8221;0&#8243;][\/et_pb_divider][et_pb_text _builder_version=&#8221;4.27.4&#8243; _module_preset=&#8221;default&#8221; theme_builder_area=&#8221;post_content&#8221; hover_enabled=&#8221;0&#8243; sticky_enabled=&#8221;0&#8243;]<\/p>\n<h4><span style=\"color: #008e90;\"><strong>7. Conseils d&#8217;adaptation<\/strong><\/span><\/h4>\n<ul>\n<li>Inclure <strong>des coordonn\u00e9es claires<\/strong> pour l&#8217;\u00e9quipe de reporting, id\u00e9alement avec au moins deux personnes d\u00e9sign\u00e9es issues d&#8217;institutions ou de r\u00f4les diff\u00e9rents<\/li>\n<li>Assurez-vous que le <strong>Code est affich\u00e9 de mani\u00e8re visible<\/strong> : sur votre site Web, votre application de conf\u00e9rence, vos documents imprim\u00e9s et lors des remarques d\u2019ouverture.<\/li>\n<li>Nommer <strong>un comit\u00e9 d\u2019intervention ou un comit\u00e9 de conduite<\/strong> pour examiner les rapports et d\u00e9terminer les mesures appropri\u00e9es<\/li>\n<li>Clarifier comment <strong>la confidentialit\u00e9<\/strong> sera maintenue tout au long du processus<\/li>\n<\/ul>\n<p>Communiquez tout droit d&#8217;appel ou processus de r\u00e9vision, en fonction de la complexit\u00e9 et de l&#8217;ampleur de votre \u00e9v\u00e9nement<\/p>\n<p>[\/et_pb_text][\/et_pb_column][\/et_pb_row][\/et_pb_section]<\/p>\n","protected":false},"excerpt":{"rendered":"<p>Conduite des participants au Congr\u00e8s pour une atmosph\u00e8re de congr\u00e8s respectueuse, inclusive et professionnelle. 1. But Le congr\u00e8s EABCT 2026 s&#8217;engage \u00e0 favoriser une atmosph\u00e8re s\u00fbre, inclusive et accueillante pour tous les participants : participants, intervenants, b\u00e9n\u00e9voles, personnel, exposants et sponsors. Ce code de conduite d\u00e9crit les comportements attendus et les conduites inacceptables afin de [&hellip;]<\/p>\n","protected":false},"author":1,"featured_media":0,"parent":0,"menu_order":0,"comment_status":"closed","ping_status":"closed","template":"","meta":{"_et_pb_use_builder":"on","_et_pb_old_content":"","_et_gb_content_width":"","footnotes":""},"class_list":["post-248","page","type-page","status-publish","hentry"],"yoast_head":"<!-- This site is optimized with the Yoast SEO plugin v27.4 - https:\/\/yoast.com\/product\/yoast-seo-wordpress\/ -->\n<title>Code de conduite - EABCT<\/title>\n<meta name=\"robots\" content=\"index, follow, max-snippet:-1, max-image-preview:large, max-video-preview:-1\" \/>\n<link rel=\"canonical\" href=\"https:\/\/eabctcongress.org\/fr\/index.php\/code-de-conduite\/\" \/>\n<meta property=\"og:locale\" content=\"en_US\" \/>\n<meta property=\"og:type\" content=\"article\" \/>\n<meta property=\"og:title\" content=\"Code de conduite - EABCT\" \/>\n<meta property=\"og:description\" content=\"Conduite des participants au Congr\u00e8s pour une atmosph\u00e8re de congr\u00e8s respectueuse, inclusive et professionnelle. 1. But Le congr\u00e8s EABCT 2026 s&#039;engage \u00e0 favoriser une atmosph\u00e8re s\u00fbre, inclusive et accueillante pour tous les participants : participants, intervenants, b\u00e9n\u00e9voles, personnel, exposants et sponsors. Ce code de conduite d\u00e9crit les comportements attendus et les conduites inacceptables afin de [&hellip;]\" \/>\n<meta property=\"og:url\" content=\"https:\/\/eabctcongress.org\/fr\/index.php\/code-de-conduite\/\" \/>\n<meta property=\"og:site_name\" content=\"EABCT\" \/>\n<meta property=\"article:modified_time\" content=\"2025-10-09T18:32:16+00:00\" \/>\n<meta name=\"twitter:card\" content=\"summary_large_image\" \/>\n<script type=\"application\/ld+json\" class=\"yoast-schema-graph\">{\"@context\":\"https:\\\/\\\/schema.org\",\"@graph\":[{\"@type\":\"WebPage\",\"@id\":\"https:\\\/\\\/eabctcongress.org\\\/fr\\\/index.php\\\/code-de-conduite\\\/\",\"url\":\"https:\\\/\\\/eabctcongress.org\\\/fr\\\/index.php\\\/code-de-conduite\\\/\",\"name\":\"Code de conduite - EABCT\",\"isPartOf\":{\"@id\":\"https:\\\/\\\/eabctcongress.org\\\/fr\\\/#website\"},\"datePublished\":\"2025-10-09T18:21:09+00:00\",\"dateModified\":\"2025-10-09T18:32:16+00:00\",\"breadcrumb\":{\"@id\":\"https:\\\/\\\/eabctcongress.org\\\/fr\\\/index.php\\\/code-de-conduite\\\/#breadcrumb\"},\"inLanguage\":\"en-US\",\"potentialAction\":[{\"@type\":\"ReadAction\",\"target\":[\"https:\\\/\\\/eabctcongress.org\\\/fr\\\/index.php\\\/code-de-conduite\\\/\"]}]},{\"@type\":\"BreadcrumbList\",\"@id\":\"https:\\\/\\\/eabctcongress.org\\\/fr\\\/index.php\\\/code-de-conduite\\\/#breadcrumb\",\"itemListElement\":[{\"@type\":\"ListItem\",\"position\":1,\"name\":\"Home\",\"item\":\"https:\\\/\\\/eabctcongress.org\\\/fr\\\/\"},{\"@type\":\"ListItem\",\"position\":2,\"name\":\"Code de conduite\"}]},{\"@type\":\"WebSite\",\"@id\":\"https:\\\/\\\/eabctcongress.org\\\/fr\\\/#website\",\"url\":\"https:\\\/\\\/eabctcongress.org\\\/fr\\\/\",\"name\":\"EABCT\",\"description\":\"\",\"potentialAction\":[{\"@type\":\"SearchAction\",\"target\":{\"@type\":\"EntryPoint\",\"urlTemplate\":\"https:\\\/\\\/eabctcongress.org\\\/fr\\\/?s={search_term_string}\"},\"query-input\":{\"@type\":\"PropertyValueSpecification\",\"valueRequired\":true,\"valueName\":\"search_term_string\"}}],\"inLanguage\":\"en-US\"}]}<\/script>\n<!-- \/ Yoast SEO plugin. -->","yoast_head_json":{"title":"Code de conduite - EABCT","robots":{"index":"index","follow":"follow","max-snippet":"max-snippet:-1","max-image-preview":"max-image-preview:large","max-video-preview":"max-video-preview:-1"},"canonical":"https:\/\/eabctcongress.org\/fr\/index.php\/code-de-conduite\/","og_locale":"en_US","og_type":"article","og_title":"Code de conduite - EABCT","og_description":"Conduite des participants au Congr\u00e8s pour une atmosph\u00e8re de congr\u00e8s respectueuse, inclusive et professionnelle. 1. But Le congr\u00e8s EABCT 2026 s'engage \u00e0 favoriser une atmosph\u00e8re s\u00fbre, inclusive et accueillante pour tous les participants : participants, intervenants, b\u00e9n\u00e9voles, personnel, exposants et sponsors. Ce code de conduite d\u00e9crit les comportements attendus et les conduites inacceptables afin de [&hellip;]","og_url":"https:\/\/eabctcongress.org\/fr\/index.php\/code-de-conduite\/","og_site_name":"EABCT","article_modified_time":"2025-10-09T18:32:16+00:00","twitter_card":"summary_large_image","schema":{"@context":"https:\/\/schema.org","@graph":[{"@type":"WebPage","@id":"https:\/\/eabctcongress.org\/fr\/index.php\/code-de-conduite\/","url":"https:\/\/eabctcongress.org\/fr\/index.php\/code-de-conduite\/","name":"Code de conduite - EABCT","isPartOf":{"@id":"https:\/\/eabctcongress.org\/fr\/#website"},"datePublished":"2025-10-09T18:21:09+00:00","dateModified":"2025-10-09T18:32:16+00:00","breadcrumb":{"@id":"https:\/\/eabctcongress.org\/fr\/index.php\/code-de-conduite\/#breadcrumb"},"inLanguage":"en-US","potentialAction":[{"@type":"ReadAction","target":["https:\/\/eabctcongress.org\/fr\/index.php\/code-de-conduite\/"]}]},{"@type":"BreadcrumbList","@id":"https:\/\/eabctcongress.org\/fr\/index.php\/code-de-conduite\/#breadcrumb","itemListElement":[{"@type":"ListItem","position":1,"name":"Home","item":"https:\/\/eabctcongress.org\/fr\/"},{"@type":"ListItem","position":2,"name":"Code de conduite"}]},{"@type":"WebSite","@id":"https:\/\/eabctcongress.org\/fr\/#website","url":"https:\/\/eabctcongress.org\/fr\/","name":"EABCT","description":"","potentialAction":[{"@type":"SearchAction","target":{"@type":"EntryPoint","urlTemplate":"https:\/\/eabctcongress.org\/fr\/?s={search_term_string}"},"query-input":{"@type":"PropertyValueSpecification","valueRequired":true,"valueName":"search_term_string"}}],"inLanguage":"en-US"}]}},"_links":{"self":[{"href":"https:\/\/eabctcongress.org\/fr\/index.php\/wp-json\/wp\/v2\/pages\/248","targetHints":{"allow":["GET"]}}],"collection":[{"href":"https:\/\/eabctcongress.org\/fr\/index.php\/wp-json\/wp\/v2\/pages"}],"about":[{"href":"https:\/\/eabctcongress.org\/fr\/index.php\/wp-json\/wp\/v2\/types\/page"}],"author":[{"embeddable":true,"href":"https:\/\/eabctcongress.org\/fr\/index.php\/wp-json\/wp\/v2\/users\/1"}],"replies":[{"embeddable":true,"href":"https:\/\/eabctcongress.org\/fr\/index.php\/wp-json\/wp\/v2\/comments?post=248"}],"version-history":[{"count":6,"href":"https:\/\/eabctcongress.org\/fr\/index.php\/wp-json\/wp\/v2\/pages\/248\/revisions"}],"predecessor-version":[{"id":254,"href":"https:\/\/eabctcongress.org\/fr\/index.php\/wp-json\/wp\/v2\/pages\/248\/revisions\/254"}],"wp:attachment":[{"href":"https:\/\/eabctcongress.org\/fr\/index.php\/wp-json\/wp\/v2\/media?parent=248"}],"curies":[{"name":"wp","href":"https:\/\/api.w.org\/{rel}","templated":true}]}}