{"id":362,"date":"2025-10-22T08:39:01","date_gmt":"2025-10-22T08:39:01","guid":{"rendered":"https:\/\/eabctcongress.org\/fr\/?page_id=362"},"modified":"2026-02-18T14:01:03","modified_gmt":"2026-02-18T14:01:03","slug":"1_newsletter","status":"publish","type":"page","link":"https:\/\/eabctcongress.org\/fr\/index.php\/1_newsletter\/","title":{"rendered":"#1 Newsletter"},"content":{"rendered":"<p>[et_pb_section fb_built=&#8221;1&#8243; _builder_version=&#8221;4.27.4&#8243; _module_preset=&#8221;default&#8221; global_colors_info=&#8221;{}&#8221;][et_pb_row _builder_version=&#8221;4.27.4&#8243; _module_preset=&#8221;default&#8221; custom_padding=&#8221;||4px|||&#8221; global_colors_info=&#8221;{}&#8221;][et_pb_column type=&#8221;4_4&#8243; _builder_version=&#8221;4.27.4&#8243; _module_preset=&#8221;default&#8221; global_colors_info=&#8221;{}&#8221;][et_pb_text _builder_version=&#8221;4.27.4&#8243; _module_preset=&#8221;default&#8221; hover_enabled=&#8221;0&#8243; global_colors_info=&#8221;{}&#8221; sticky_enabled=&#8221;0&#8243;]<\/p>\n<p style=\"text-align: center;\"><img loading=\"lazy\" decoding=\"async\" src=\"https:\/\/eabctcongress.org\/fr\/wp-content\/uploads\/2025\/11\/Bulletin-Octobre-1024x628.jpg\" width=\"1024\" height=\"628\" alt=\"\" class=\"wp-image-411 alignnone size-large\" srcset=\"https:\/\/eabctcongress.org\/fr\/wp-content\/uploads\/2025\/11\/Bulletin-Octobre-980x601.jpg 980w, https:\/\/eabctcongress.org\/fr\/wp-content\/uploads\/2025\/11\/Bulletin-Octobre-480x294.jpg 480w\" sizes=\"(min-width: 0px) and (max-width: 480px) 480px, (min-width: 481px) and (max-width: 980px) 980px, (min-width: 981px) 1024px, 100vw\" \/><\/p>\n<p>[\/et_pb_text][\/et_pb_column][\/et_pb_row][et_pb_row column_structure=&#8221;1_3,1_3,1_3&#8243; _builder_version=&#8221;4.27.4&#8243; _module_preset=&#8221;default&#8221; global_colors_info=&#8221;{}&#8221;][et_pb_column type=&#8221;1_3&#8243; _builder_version=&#8221;4.27.4&#8243; _module_preset=&#8221;default&#8221; global_colors_info=&#8221;{}&#8221;][et_pb_text _builder_version=&#8221;4.27.4&#8243; _module_preset=&#8221;default&#8221; global_colors_info=&#8221;{}&#8221;]<\/p>\n<h2 style=\"text-align: center;\"><span style=\"color: #008e90;\"><strong>Congr\u00e8s <\/strong><\/span><span style=\"color: #008e90;\"><strong>EABCT <\/strong><\/span><\/h2>\n<p>[\/et_pb_text][et_pb_text _builder_version=&#8221;4.27.4&#8243; _module_preset=&#8221;default&#8221; background_color=&#8221;#00375D&#8221; custom_margin=&#8221;|||4px|false|false&#8221; custom_padding=&#8221;5px|17px||17px|false|false&#8221; global_colors_info=&#8221;{}&#8221;]<\/p>\n<p style=\"text-align: justify;\"><span style=\"color: #ffffff;\">Le congr\u00e8s de l&#8217;EABCT est l&#8217;un des principaux \u00e9v\u00e9nements internationaux dans le domaine des th\u00e9rapies cognitives et comportementales. Organis\u00e9 chaque ann\u00e9e, il r\u00e9unit cliniciens, chercheurs, universitaires et \u00e9tudiants de toute l&#8217;Europe et d&#8217;ailleurs pour partager les derni\u00e8res avanc\u00e9es en mati\u00e8re de traitements psychologiques fond\u00e9s sur des donn\u00e9es probantes.<\/span><\/p>\n<ul>\n<li style=\"color: #ffffff;\"><span style=\"color: #ffffff;\">1 200 \u00e0 1 800 participants de plus de 50 pays<\/span><\/li>\n<li style=\"color: #ffffff;\"><span style=\"color: #ffffff;\">100 \u00e0 150 symposiums et panels couvrant des sujets de pointe en mati\u00e8re de th\u00e9rapies comportementales et cognitives<\/span><\/li>\n<li style=\"color: #ffffff;\"><span style=\"color: #ffffff;\">40 \u00e0 60 ateliers et cours de comp\u00e9tences anim\u00e9s par des experts internationaux<\/span><\/li>\n<li style=\"color: #ffffff;\"><span style=\"color: #ffffff;\">300 \u00e0 500 pr\u00e9sentations par affiches<\/span><\/li>\n<li style=\"color: #ffffff;\"><span style=\"color: #ffffff;\">Plus de 30 conf\u00e9renciers principaux et invit\u00e9s<\/span><\/li>\n<\/ul>\n<p>[\/et_pb_text][\/et_pb_column][et_pb_column type=&#8221;1_3&#8243; _builder_version=&#8221;4.27.4&#8243; _module_preset=&#8221;default&#8221; global_colors_info=&#8221;{}&#8221;][et_pb_text _builder_version=&#8221;4.27.4&#8243; _module_preset=&#8221;default&#8221; global_colors_info=&#8221;{}&#8221;]<\/p>\n<h2 style=\"text-align: center;\"><span style=\"color: #008e90;\"><strong>UNIQUE AS WE ARE<\/strong><\/span><\/h2>\n<p>[\/et_pb_text][et_pb_text _builder_version=&#8221;4.27.4&#8243; _module_preset=&#8221;default&#8221; global_colors_info=&#8221;{}&#8221;]<\/p>\n<p style=\"text-align: justify;\">Bien que la Belgique soit un petit pays, elle b\u00e9n\u00e9ficie d&#8217;une richesse unique en termes de diversit\u00e9, avec trois communaut\u00e9s linguistiques officielles et diff\u00e9rentes r\u00e9gions. Cette diversit\u00e9, refl\u00e9t\u00e9e par nos deux associations s\u0153urs (AEMTC et VVGT), a profond\u00e9ment fa\u00e7onn\u00e9 notre pratique psychoth\u00e9rapeutique. Nous ch\u00e9rissons une profonde reconnaissance pour chaque individu <span style=\"color: #008e90;\"><strong>unique<\/strong><\/span>, th\u00e8me qui inspire ce congr\u00e8s : <span style=\"color: #008080;\"><strong>&#8216;Unique as we are&#8217;<\/strong><\/span><\/p>\n<p><strong> <\/strong><\/p>\n<p style=\"text-align: justify;\"><strong><\/strong>Pr\u00e9parez-vous pour l&#8217;\u00e9dition 2026 du congr\u00e8s EABCT ! La prochaine \u00e9dition approche \u00e0 grands pas.<\/p>\n<p style=\"text-align: justify;\">Restez connect\u00e9s pour des nouvelles passionnantes et pr\u00e9parez-vous \u00e0 vivre une exp\u00e9rience vraiment unique !<\/p>\n<p>[\/et_pb_text][\/et_pb_column][et_pb_column type=&#8221;1_3&#8243; _builder_version=&#8221;4.27.4&#8243; _module_preset=&#8221;default&#8221; global_colors_info=&#8221;{}&#8221;][et_pb_text _builder_version=&#8221;4.27.4&#8243; _module_preset=&#8221;default&#8221; global_colors_info=&#8221;{}&#8221;]<\/p>\n<h2 style=\"text-align: center;\"><span style=\"color: #008e90;\"><strong>Restez connect\u00e9<\/strong><\/span><\/h2>\n<p>[\/et_pb_text][et_pb_text _builder_version=&#8221;4.27.4&#8243; _module_preset=&#8221;default&#8221; global_colors_info=&#8221;{}&#8221;]<\/p>\n<p style=\"text-align: justify;\">Soyez le premier inform\u00e9 des dates cl\u00e9s, des appels aux intervenants et des mises \u00e0 jour exclusives :<br \/>\u2705 Visitez notre <strong><a href=\"https:\/\/eabctcongress.org\/\" target=\"_blank\" rel=\"noopener\">site Internet <\/a><\/strong>et laissez vos coordonn\u00e9es<br \/>\u2705 Suivez-nous sur <a href=\"https:\/\/www.linkedin.com\/uas\/login?session_redirect=https%3A%2F%2Fwww.linkedin.com%2Fcompany%2Feabct2026%2Fposts%2F%3FfeedView%3Dall\" target=\"_blank\" rel=\"noopener\"><strong>LinkedIn<\/strong><\/a> pour des mises \u00e0 jour en direct et du contenu en coulisses<br \/>\u2705 Rejoignez-nous sur <a href=\"https:\/\/www.facebook.com\/people\/EABCT-Brussels\/61581908127614\/\" target=\"_blank\" rel=\"noopener\"><strong>Facebook<\/strong><\/a> pour plus d&#8217;actualit\u00e9s et de faits marquants de la communaut\u00e9<\/p>\n<h3><span style=\"color: #008e90;\"><strong>CITATION DU MOIS<\/strong><\/span><\/h3>\n<p style=\"text-align: justify;\">Du plaisir de Glasgow \u00e0 Bruxelles <span style=\"color: #008080;\"><strong>&#8216;Unique as we are&#8217;<\/strong> <\/span>&#8211; Nous \u00e9tions visibles, adorables et pr\u00eats \u00e0 en redemander ! Merci pour ce superbe congr\u00e8s, \u00e0 l&#8217;ann\u00e9e prochaine ! Ensemble, faisons de 2026 une ann\u00e9e inoubliable.<\/p>\n<p>[\/et_pb_text][et_pb_image src=&#8221;https:\/\/eabctcongress.org\/fr\/wp-content\/uploads\/2025\/10\/EABCT_logo.jpg&#8221; title_text=&#8221;Newsletter october.pptx&#8221; _builder_version=&#8221;4.27.4&#8243; _module_preset=&#8221;default&#8221; custom_padding=&#8221;27px|||||&#8221; global_colors_info=&#8221;{}&#8221;][\/et_pb_image][\/et_pb_column][\/et_pb_row][\/et_pb_section]<\/p>\n","protected":false},"excerpt":{"rendered":"<p>Congr\u00e8s EABCT Le congr\u00e8s de l&#8217;EABCT est l&#8217;un des principaux \u00e9v\u00e9nements internationaux dans le domaine des th\u00e9rapies cognitives et comportementales. Organis\u00e9 chaque ann\u00e9e, il r\u00e9unit cliniciens, chercheurs, universitaires et \u00e9tudiants de toute l&#8217;Europe et d&#8217;ailleurs pour partager les derni\u00e8res avanc\u00e9es en mati\u00e8re de traitements psychologiques fond\u00e9s sur des donn\u00e9es probantes. 1 200 \u00e0 1 800 [&hellip;]<\/p>\n","protected":false},"author":1,"featured_media":0,"parent":0,"menu_order":0,"comment_status":"closed","ping_status":"closed","template":"","meta":{"_et_pb_use_builder":"on","_et_pb_old_content":"","_et_gb_content_width":"","footnotes":""},"class_list":["post-362","page","type-page","status-publish","hentry"],"yoast_head":"<!-- This site is optimized with the Yoast SEO plugin v27.4 - https:\/\/yoast.com\/product\/yoast-seo-wordpress\/ -->\n<title>#1 Newsletter - EABCT<\/title>\n<meta name=\"robots\" content=\"index, follow, max-snippet:-1, max-image-preview:large, max-video-preview:-1\" \/>\n<link rel=\"canonical\" href=\"https:\/\/eabctcongress.org\/fr\/index.php\/1_newsletter\/\" \/>\n<meta property=\"og:locale\" content=\"en_US\" \/>\n<meta property=\"og:type\" content=\"article\" \/>\n<meta property=\"og:title\" content=\"#1 Newsletter - EABCT\" \/>\n<meta property=\"og:description\" content=\"Congr\u00e8s EABCT Le congr\u00e8s de l&#039;EABCT est l&#039;un des principaux \u00e9v\u00e9nements internationaux dans le domaine des th\u00e9rapies cognitives et comportementales. Organis\u00e9 chaque ann\u00e9e, il r\u00e9unit cliniciens, chercheurs, universitaires et \u00e9tudiants de toute l&#039;Europe et d&#039;ailleurs pour partager les derni\u00e8res avanc\u00e9es en mati\u00e8re de traitements psychologiques fond\u00e9s sur des donn\u00e9es probantes. 1 200 \u00e0 1 800 [&hellip;]\" \/>\n<meta property=\"og:url\" content=\"https:\/\/eabctcongress.org\/fr\/index.php\/1_newsletter\/\" \/>\n<meta property=\"og:site_name\" content=\"EABCT\" \/>\n<meta property=\"article:modified_time\" content=\"2026-02-18T14:01:03+00:00\" \/>\n<meta property=\"og:image\" content=\"https:\/\/eabctcongress.org\/fr\/wp-content\/uploads\/2025\/11\/Bulletin-Octobre.jpg\" \/>\n\t<meta property=\"og:image:width\" content=\"2480\" \/>\n\t<meta property=\"og:image:height\" content=\"1521\" \/>\n\t<meta property=\"og:image:type\" content=\"image\/jpeg\" \/>\n<meta name=\"twitter:card\" content=\"summary_large_image\" \/>\n<script type=\"application\/ld+json\" class=\"yoast-schema-graph\">{\"@context\":\"https:\\\/\\\/schema.org\",\"@graph\":[{\"@type\":\"WebPage\",\"@id\":\"https:\\\/\\\/eabctcongress.org\\\/fr\\\/index.php\\\/1_newsletter\\\/\",\"url\":\"https:\\\/\\\/eabctcongress.org\\\/fr\\\/index.php\\\/1_newsletter\\\/\",\"name\":\"#1 Newsletter - EABCT\",\"isPartOf\":{\"@id\":\"https:\\\/\\\/eabctcongress.org\\\/fr\\\/#website\"},\"primaryImageOfPage\":{\"@id\":\"https:\\\/\\\/eabctcongress.org\\\/fr\\\/index.php\\\/1_newsletter\\\/#primaryimage\"},\"image\":{\"@id\":\"https:\\\/\\\/eabctcongress.org\\\/fr\\\/index.php\\\/1_newsletter\\\/#primaryimage\"},\"thumbnailUrl\":\"https:\\\/\\\/eabctcongress.org\\\/fr\\\/wp-content\\\/uploads\\\/2025\\\/11\\\/Bulletin-Octobre-1024x628.jpg\",\"datePublished\":\"2025-10-22T08:39:01+00:00\",\"dateModified\":\"2026-02-18T14:01:03+00:00\",\"breadcrumb\":{\"@id\":\"https:\\\/\\\/eabctcongress.org\\\/fr\\\/index.php\\\/1_newsletter\\\/#breadcrumb\"},\"inLanguage\":\"en-US\",\"potentialAction\":[{\"@type\":\"ReadAction\",\"target\":[\"https:\\\/\\\/eabctcongress.org\\\/fr\\\/index.php\\\/1_newsletter\\\/\"]}]},{\"@type\":\"ImageObject\",\"inLanguage\":\"en-US\",\"@id\":\"https:\\\/\\\/eabctcongress.org\\\/fr\\\/index.php\\\/1_newsletter\\\/#primaryimage\",\"url\":\"https:\\\/\\\/eabctcongress.org\\\/fr\\\/wp-content\\\/uploads\\\/2025\\\/11\\\/Bulletin-Octobre.jpg\",\"contentUrl\":\"https:\\\/\\\/eabctcongress.org\\\/fr\\\/wp-content\\\/uploads\\\/2025\\\/11\\\/Bulletin-Octobre.jpg\",\"width\":2480,\"height\":1521},{\"@type\":\"BreadcrumbList\",\"@id\":\"https:\\\/\\\/eabctcongress.org\\\/fr\\\/index.php\\\/1_newsletter\\\/#breadcrumb\",\"itemListElement\":[{\"@type\":\"ListItem\",\"position\":1,\"name\":\"Home\",\"item\":\"https:\\\/\\\/eabctcongress.org\\\/fr\\\/\"},{\"@type\":\"ListItem\",\"position\":2,\"name\":\"#1 Newsletter\"}]},{\"@type\":\"WebSite\",\"@id\":\"https:\\\/\\\/eabctcongress.org\\\/fr\\\/#website\",\"url\":\"https:\\\/\\\/eabctcongress.org\\\/fr\\\/\",\"name\":\"EABCT\",\"description\":\"\",\"potentialAction\":[{\"@type\":\"SearchAction\",\"target\":{\"@type\":\"EntryPoint\",\"urlTemplate\":\"https:\\\/\\\/eabctcongress.org\\\/fr\\\/?s={search_term_string}\"},\"query-input\":{\"@type\":\"PropertyValueSpecification\",\"valueRequired\":true,\"valueName\":\"search_term_string\"}}],\"inLanguage\":\"en-US\"}]}<\/script>\n<!-- \/ Yoast SEO plugin. -->","yoast_head_json":{"title":"#1 Newsletter - EABCT","robots":{"index":"index","follow":"follow","max-snippet":"max-snippet:-1","max-image-preview":"max-image-preview:large","max-video-preview":"max-video-preview:-1"},"canonical":"https:\/\/eabctcongress.org\/fr\/index.php\/1_newsletter\/","og_locale":"en_US","og_type":"article","og_title":"#1 Newsletter - EABCT","og_description":"Congr\u00e8s EABCT Le congr\u00e8s de l'EABCT est l'un des principaux \u00e9v\u00e9nements internationaux dans le domaine des th\u00e9rapies cognitives et comportementales. Organis\u00e9 chaque ann\u00e9e, il r\u00e9unit cliniciens, chercheurs, universitaires et \u00e9tudiants de toute l'Europe et d'ailleurs pour partager les derni\u00e8res avanc\u00e9es en mati\u00e8re de traitements psychologiques fond\u00e9s sur des donn\u00e9es probantes. 1 200 \u00e0 1 800 [&hellip;]","og_url":"https:\/\/eabctcongress.org\/fr\/index.php\/1_newsletter\/","og_site_name":"EABCT","article_modified_time":"2026-02-18T14:01:03+00:00","og_image":[{"width":2480,"height":1521,"url":"https:\/\/eabctcongress.org\/fr\/wp-content\/uploads\/2025\/11\/Bulletin-Octobre.jpg","type":"image\/jpeg"}],"twitter_card":"summary_large_image","schema":{"@context":"https:\/\/schema.org","@graph":[{"@type":"WebPage","@id":"https:\/\/eabctcongress.org\/fr\/index.php\/1_newsletter\/","url":"https:\/\/eabctcongress.org\/fr\/index.php\/1_newsletter\/","name":"#1 Newsletter - EABCT","isPartOf":{"@id":"https:\/\/eabctcongress.org\/fr\/#website"},"primaryImageOfPage":{"@id":"https:\/\/eabctcongress.org\/fr\/index.php\/1_newsletter\/#primaryimage"},"image":{"@id":"https:\/\/eabctcongress.org\/fr\/index.php\/1_newsletter\/#primaryimage"},"thumbnailUrl":"https:\/\/eabctcongress.org\/fr\/wp-content\/uploads\/2025\/11\/Bulletin-Octobre-1024x628.jpg","datePublished":"2025-10-22T08:39:01+00:00","dateModified":"2026-02-18T14:01:03+00:00","breadcrumb":{"@id":"https:\/\/eabctcongress.org\/fr\/index.php\/1_newsletter\/#breadcrumb"},"inLanguage":"en-US","potentialAction":[{"@type":"ReadAction","target":["https:\/\/eabctcongress.org\/fr\/index.php\/1_newsletter\/"]}]},{"@type":"ImageObject","inLanguage":"en-US","@id":"https:\/\/eabctcongress.org\/fr\/index.php\/1_newsletter\/#primaryimage","url":"https:\/\/eabctcongress.org\/fr\/wp-content\/uploads\/2025\/11\/Bulletin-Octobre.jpg","contentUrl":"https:\/\/eabctcongress.org\/fr\/wp-content\/uploads\/2025\/11\/Bulletin-Octobre.jpg","width":2480,"height":1521},{"@type":"BreadcrumbList","@id":"https:\/\/eabctcongress.org\/fr\/index.php\/1_newsletter\/#breadcrumb","itemListElement":[{"@type":"ListItem","position":1,"name":"Home","item":"https:\/\/eabctcongress.org\/fr\/"},{"@type":"ListItem","position":2,"name":"#1 Newsletter"}]},{"@type":"WebSite","@id":"https:\/\/eabctcongress.org\/fr\/#website","url":"https:\/\/eabctcongress.org\/fr\/","name":"EABCT","description":"","potentialAction":[{"@type":"SearchAction","target":{"@type":"EntryPoint","urlTemplate":"https:\/\/eabctcongress.org\/fr\/?s={search_term_string}"},"query-input":{"@type":"PropertyValueSpecification","valueRequired":true,"valueName":"search_term_string"}}],"inLanguage":"en-US"}]}},"_links":{"self":[{"href":"https:\/\/eabctcongress.org\/fr\/index.php\/wp-json\/wp\/v2\/pages\/362","targetHints":{"allow":["GET"]}}],"collection":[{"href":"https:\/\/eabctcongress.org\/fr\/index.php\/wp-json\/wp\/v2\/pages"}],"about":[{"href":"https:\/\/eabctcongress.org\/fr\/index.php\/wp-json\/wp\/v2\/types\/page"}],"author":[{"embeddable":true,"href":"https:\/\/eabctcongress.org\/fr\/index.php\/wp-json\/wp\/v2\/users\/1"}],"replies":[{"embeddable":true,"href":"https:\/\/eabctcongress.org\/fr\/index.php\/wp-json\/wp\/v2\/comments?post=362"}],"version-history":[{"count":11,"href":"https:\/\/eabctcongress.org\/fr\/index.php\/wp-json\/wp\/v2\/pages\/362\/revisions"}],"predecessor-version":[{"id":533,"href":"https:\/\/eabctcongress.org\/fr\/index.php\/wp-json\/wp\/v2\/pages\/362\/revisions\/533"}],"wp:attachment":[{"href":"https:\/\/eabctcongress.org\/fr\/index.php\/wp-json\/wp\/v2\/media?parent=362"}],"curies":[{"name":"wp","href":"https:\/\/api.w.org\/{rel}","templated":true}]}}